{"id":22244,"date":"2020-08-27T08:23:10","date_gmt":"2020-08-27T05:23:10","guid":{"rendered":"https:\/\/sanahealing.gr\/privacy-policy-cookies\/"},"modified":"2025-02-02T17:20:52","modified_gmt":"2025-02-02T15:20:52","slug":"privacy-policy-cookies","status":"publish","type":"page","link":"https:\/\/sanahealing.gr\/de\/privacy-policy-cookies\/","title":{"rendered":"Datenschutzrichtlinien und Cookies"},"content":{"rendered":"\t\t<div data-elementor-type=\"wp-page\" data-elementor-id=\"22244\" class=\"elementor elementor-22244 elementor-12954\">\n\t\t\t\t\t\t<section class=\"elementor-section elementor-top-section elementor-element elementor-element-a2ec18c elementor-section-boxed elementor-section-height-default elementor-section-height-default sc_fly_static\" data-id=\"a2ec18c\" data-element_type=\"section\" data-settings=\"{&quot;background_background&quot;:&quot;classic&quot;}\">\n\t\t\t\t\t\t<div class=\"elementor-container elementor-column-gap-extended\">\n\t\t\t\t\t<div class=\"elementor-column elementor-col-100 elementor-top-column elementor-element elementor-element-e4f67bc sc_inner_width_none sc_content_align_inherit sc_layouts_column_icons_position_left sc_fly_static\" data-id=\"e4f67bc\" data-element_type=\"column\">\n\t\t\t<div class=\"elementor-widget-wrap elementor-element-populated\">\n\t\t\t\t\t\t<div class=\"elementor-element elementor-element-fc87c00 sc_fly_static elementor-widget elementor-widget-text-editor\" data-id=\"fc87c00\" data-element_type=\"widget\" data-widget_type=\"text-editor.default\">\n\t\t\t\t<div class=\"elementor-widget-container\">\n\t\t\t\t\t\t\t<h3>RICHTLINIEN F\u00dcR VERTRAULICHKEIT UND GEW\u00c4HRLEISTUNG DER GDPR-KONFORMIT\u00c4T<\/h3><div id=\"privacy_policy\"><h4>ALLGEMEINES<\/h4><p>Die Nutzung der elektronischen Seiten und Dienstleistungen, die dem Besucher \/ Benutzer von sanahealing.gr, Eigentum von \u201eSana Healing\u201c, im Folgenden als \u201edas Unternehmen\u201c bezeichnet, zur Verf\u00fcgung gestellt werden, setzt Ihr uneingeschr\u00e4nktes Einverst\u00e4ndnis mit der Datenschutzpolitik dieser Webseite voraus. Daher muss der Besucher \/ Benutzer \u00a0den Inhalt dieser Seite vor der Nutzung der Dienste unserer Website sorgf\u00e4ltig lesen. Wenn er nicht zustimmt, muss er sie verlassen und NIEMALS von ihren Diensten und Inhalten Gebrauch machen. Diese Datenschutzpolitik kann sich von Zeit zu Zeit entsprechend der Gesetzgebung oder den Entwicklungen in der Branche \u00e4ndern. Wir werden unsere Kunden oder Nutzer unserer Website nicht ausdr\u00fccklich auf diese \u00c4nderungen hinweisen. Stattdessen empfehlen wir Ihnen, diese Seite gelegentlich auf \u00c4nderungen dieser Datenschutzrichtlinie zu \u00fcberpr\u00fcfen. Die fortgesetzte Nutzung von sanahealing.gr auch nach diesen \u00c4nderungen der Datenschutzrichtlinie bedeutet die bedingungslose Annahme dieser Bedingungen in Ihrem Namen.<\/p><h4>\u00a0<\/h4><h4>Schutz pers\u00f6nlicher Daten<\/h4><p>\u00a0<\/p><p>Wir sammeln und verarbeiten Ihre pers\u00f6nlichen Daten nur, wenn es unbedingt notwendig ist. Wir werden Ihre pers\u00f6nlichen Daten niemals verkaufen, vermieten, weitergeben oder in irgendeiner Weise ver\u00f6ffentlichen. Wenn Sie unter 16 Jahre alt sind, M\u00dcSSEN Sie die Zustimmung Ihrer Eltern haben, bevor Sie die Dienste dieser Website nutzen.<\/p><p>\u00a0<\/p><h3>Relevante Gesetzgebung<\/h3><p>Zusammen mit den internen IT-Systemen unseres Unternehmens ist diese Website so konzipiert, dass sie den folgenden Gesetzen\/Verordnungen zum Schutz der personenbezogenen Daten der Nutzer entspricht:<\/p><p>EU-Datenschutzrichtlinie 1995 (DPD)<\/p><p>EU-Datenschutzgrundverordnung (GDPR) 2018<\/p><p>Pers\u00f6nliche Informationen, die von dieser Website gesammelt werden und warum wir sie sammeln<\/p><p>Diese Website sammelt und verwendet personenbezogene Daten aus den folgenden Gr\u00fcnden:<\/p><p>Verfolgung des Website-Verkehrs<\/p><p>Wie die meisten Websites verwendet auch diese Google Analytics (GA), um die Nutzeraktivit\u00e4ten zu \u00fcberwachen. Wir verwenden diese Daten, um die Anzahl der Personen zu ermitteln, die unsere Website nutzen, um besser zu verstehen, wie sie unsere Webseiten finden und nutzen, und um zu sehen, wie sie auf der Website vorankommen. Obwohl GA Daten wie Ihren geografischen Standort,<\/p><p>Ihr Ger\u00e4t, Ihren Webbrowser und Ihr Betriebssystem aufzeichnet, sind Sie uns durch keine dieser Informationen pers\u00f6nlich bekannt. GA zeichnet auch die IP-Adresse Ihres Computers auf, die dazu verwendet werden k\u00f6nnte, Sie zu identifizieren, aber Google gew\u00e4hrt keinen Zugang zu dieser Adresse. Wir glauben, dass Google ein dritter Datenverarbeiter ist, der die Anforderungen der europ\u00e4ischen Gesetzgebung erf\u00fcllt.<\/p><p>Kontaktformulare und E-Mail-Links<\/p><p>Wenn Sie uns \u00fcber ein Kontaktformular oder einen E-Mail-Link kontaktieren, werden keine der von Ihnen angegebenen Daten auf dieser Website gespeichert oder an einen dritten Datenverarbeiter, wie unten im Abschnitt \u201eUnsere dritten Datenverarbeiter\u201c definiert, \u00fcbermittelt oder verarbeitet. Stattdessen werden diese Daten \u00fcber das Simple Mail Transfer Protocol (SMTP) per E-Mail an uns gesendet. Unsere SMTP-Server sind durch ein TLS-Sicherheitsprotokoll (manchmal auch als SSL bekannt) gesch\u00fctzt, was bedeutet, dass die E-Mail-Inhalte verschl\u00fcsselt werden, bevor sie \u00fcber das Internet gesendet werden. Der Inhalt der E-Mail wird von unseren lokalen Computern und Ger\u00e4ten entschl\u00fcsselt.<\/p><p>\u00dcBER COOKIES<\/p><p>Was ist ein Cookie?<\/p><p>Der Begriff \u201eCookie\u201c bezieht sich auf eine kleine Datendatei, die nur aus einer Reihe von Textinformationen besteht, die die Website an den Webbrowser auf der Festplatte Ihres Computers \u00fcbertr\u00e4gt, entweder vor\u00fcbergehend w\u00e4hrend Ihres Besuchs oder manchmal f\u00fcr l\u00e4ngere Zeitr\u00e4ume, je nach Art des Cookies. Cookies erf\u00fcllen verschiedene Funktionen (z. B. unterscheiden sie Sie von anderen Besuchern derselben Website oder speichern bestimmte Dinge wie Ihre Pr\u00e4ferenzen) und werden von den meisten Webseiten verwendet, um Ihre Benutzerfreundlichkeit zu verbessern. Jedes Cookie ist einzigartig f\u00fcr Ihren Browser und enth\u00e4lt einige<\/p><p>anonyme Informationen. Ein Cookie enth\u00e4lt in der Regel den Namen des Cookie-Feldes, die Lebensdauer des Cookies und einen Wert (in der Regel in Form einer zuf\u00e4llig generierten eindeutigen Nummer).<\/p><p>Arten von Cookies<\/p><p>Im Folgenden werden die grundlegenden Arten von Cookies beschrieben, die Websites verwenden k\u00f6nnen:<\/p><p>Sitzungs-Cookies<\/p><p>Dies sind tempor\u00e4re Cookies, die nur w\u00e4hrend Ihres Besuchs in der Cookie-Datei des Browsers Ihres Ger\u00e4ts verbleiben und gel\u00f6scht werden, wenn Sie den Browser schlie\u00dfen.<\/p><p>Dauerhafte Cookies<\/p><p>Diese verbleiben in der Cookie-Datei des Browsers Ihres Ger\u00e4ts auch nach dem Schlie\u00dfen des Browsers, manchmal f\u00fcr ein Jahr oder l\u00e4nger (die genaue Verweildauer h\u00e4ngt von der Lebensdauer des jeweiligen Cookies ab). Permanente Cookies werden verwendet, wenn der Website-Administrator wissen muss, wer Sie bei mehr als einem Besuch sind (z. B. um sich Ihren Benutzernamen oder Ihre Website-Konfigurationspr\u00e4ferenzen zu merken).<\/p><p>Erstanbieter-Cookies<\/p><p>Hierbei handelt es sich um Cookies, die auf dem Browser und\/oder der Festplatte Ihres Ger\u00e4ts von der von Ihnen besuchten Website installiert werden. Dazu geh\u00f6rt auch, dass Ihnen eine eindeutige Kennung zugewiesen wird, um Ihre Navigation auf der Website zu \u00fcberwachen. Website-Administratoren verwenden h\u00e4ufig Erstanbieter-Cookies, um Besuche zu verwalten und zu Identifikationszwecken.<\/p><p>Cookies von Drittanbietern<\/p><p>Dies sind Cookies, die von Dritten, z. B. sozialen Netzwerken, verwendet werden, um Ihre Besuche auf den verschiedenen von ihnen beworbenen Websites zu verfolgen. Der Administrator der Website hat keine Kontrolle \u00fcber diese Cookies von Dritten.<\/p><p>Die Cookies auf dieser Website und wie man sie verwaltet<\/p><p>Auf dieser Website verwenden wir Cookies, um die Nutzung der Website f\u00fcr ihre Besucher zu verbessern. Die Funktionsweise der Website wird erheblich beeintr\u00e4chtigt, wenn Sie die Verwendung von Cookies deaktivieren oder nicht damit einverstanden sind. Im Folgenden finden Sie Informationen \u00fcber die von uns auf dieser Website verwendeten Cookies von Drittanbietern, einschlie\u00dflich Informationen dar\u00fcber, wie Sie diese deaktivieren k\u00f6nnen und welche Auswirkungen die Deaktivierung auf die Funktionalit\u00e4t der Website hat. Wenn Sie weitere Informationen dar\u00fcber w\u00fcnschen, wie Sie bestimmte Arten von Cookies verwalten k\u00f6nnen, einschlie\u00dflich der Frage, wie Sie sie \u00fcberpr\u00fcfen oder l\u00f6schen k\u00f6nnen, besuchen Sie bitte: aboutcookies.org.<\/p><p>Google-Analytics-Cookies<\/p><p>Google-Analytics-Cookies sind Leistungsanalyse-\/Leistungs-Cookies, die es uns erm\u00f6glichen, anonyme Informationen dar\u00fcber zu sammeln, wie Besucher unsere Website nutzen. Diese Cookies geben Aufschluss dar\u00fcber, wie viele Besucher die Website nutzen, wann und wie lange sie darauf zugreifen, und sie liefern Informationen dar\u00fcber, wie Besucher auf der Website navigieren. Diese Informationen helfen uns, die Funktionsweise unserer Website zu verbessern. Es handelt sich um anonyme Informationen, die keine pers\u00f6nlichen Daten enthalten. Die von den Google-Analytics-Cookies \u00fcber unsere Website gesammelten Informationen werden in \u00dcbereinstimmung mit den Datenschutzbestimmungen von Google auf Google-Server \u00fcbertragen und gespeichert. F\u00fcr weitere Informationen \u00fcber Google Analytics klicken Sie bitte hier. Sie k\u00f6nnen das Tracking durch Google Analytics deaktivieren, indem Sie hier klicken. Wenn Sie diese Cookies deaktivieren, wird Ihre Nutzung der Website nicht gez\u00e4hlt und nicht in die Statistiken aufgenommen, die wir zur Verbesserung der \u00fcber die Website angebotenen Dienste erstellen. Der Betrieb der Website wird dadurch nicht beeintr\u00e4chtigt.<\/p><p>Cookies von Videodienstanbietern (Google, Vimeo, DailyMotion, etc.)<br \/>Diese Anbieter k\u00f6nnen Cookies auf Ihrem Ger\u00e4t platzieren, wenn Sie auf unserer Website Videos ansehen, die sie als externen Dienst anbieten. Wenn Sie diese Cookies deaktivieren, k\u00f6nnen Sie die eingebetteten Videos von unserer Website m\u00f6glicherweise nicht sehen.<br \/>Cookies von sozialen Netzwerken<br \/>Soziale Netzwerke von Drittanbietern k\u00f6nnen Cookies auf Ihrem Ger\u00e4t ablegen, wenn Sie sich daf\u00fcr entscheiden, Material von unserer Website mit ihnen zu teilen, indem Sie auf eine der eingebetteten Schaltfl\u00e4chen \u201eTeilen\u201c klicken. Wenn Sie diese Cookies deaktivieren, wird die Freigabe nicht m\u00f6glich sein.<\/p><p>\u00dcber den Server dieser Website<\/p><p>\u00a0 Der gesamte Online-Verkehr (Datei\u00fcbertragung) zwischen dieser Website und Ihrem Browser wird verschl\u00fcsselt und \u00fcber das HTTPS-Protokoll mit SSL (Secure Sockets Layer) \u00fcbertragen.\u00a0<\/p><p>Unsere externen Datenverarbeiter<\/p><p>\u00a0 Wir setzen eine Reihe von Dritten ein, um personenbezogene Daten f\u00fcr uns zu verarbeiten. Diese Unternehmen wurden sorgf\u00e4ltig ausgew\u00e4hlt, um die in diesem Dokument genannten Rechtsvorschriften einzuhalten.\u00a0<\/p><p>Verletzungen von Daten<\/p><p>\u00a0 F\u00fcr alle personenbezogenen Daten, die Sie in unserer Datenbank speichern, werden alle<\/p><p>notwendigen Schritte unternommen, um dies zu gew\u00e4hrleisten. Wir werden jede unrechtm\u00e4\u00dfige Verletzung der Datenbank dieser dritten Datenverarbeitungssite oder -datenbank innerhalb von 72 Stunden nach der Verletzung an alle Beteiligten sowie an die Beh\u00f6rden melden, wenn es offensichtlich ist, dass die personenbezogenen Daten, die in erkennbarer Form gespeichert sind, gestohlen wurden.\u00a0<\/p><p>Vielen Dank f\u00fcr Ihre Teilnahme an sanahealing.gr<\/p><p>Erstellt von <a href=\"https:\/\/createmyweb.gr\/\">createmyweb.gr<\/a><\/p><\/div>\t\t\t\t\t\t<\/div>\n\t\t\t\t<\/div>\n\t\t\t\t\t<\/div>\n\t\t<\/div>\n\t\t\t\t\t<\/div>\n\t\t<\/section>\n\t\t\t\t<section class=\"elementor-section elementor-top-section elementor-element elementor-element-854ac07 elementor-section-boxed elementor-section-height-default elementor-section-height-default sc_fly_static\" data-id=\"854ac07\" data-element_type=\"section\" data-settings=\"{&quot;background_background&quot;:&quot;classic&quot;}\">\n\t\t\t\t\t\t<div class=\"elementor-container elementor-column-gap-extended\">\n\t\t\t\t\t<div class=\"elementor-column elementor-col-100 elementor-top-column elementor-element elementor-element-3ee0ad8 sc_inner_width_none sc_content_align_inherit sc_layouts_column_icons_position_left sc_fly_static\" data-id=\"3ee0ad8\" data-element_type=\"column\">\n\t\t\t<div class=\"elementor-widget-wrap elementor-element-populated\">\n\t\t\t\t\t\t<div class=\"elementor-element elementor-element-44147ff sc_fly_static elementor-widget elementor-widget-text-editor\" data-id=\"44147ff\" data-element_type=\"widget\" data-widget_type=\"text-editor.default\">\n\t\t\t\t<div class=\"elementor-widget-container\">\n\t\t\t\t\t\t\t<p style=\"text-align: left;\">Created by <a href=\"https:\/\/createmyweb.gr\/\" target=\"_blank\" rel=\"noopener\"><strong>createmyweb.gr<\/strong><\/a><\/p>\t\t\t\t\t\t<\/div>\n\t\t\t\t<\/div>\n\t\t\t\t\t<\/div>\n\t\t<\/div>\n\t\t\t\t\t<\/div>\n\t\t<\/section>\n\t\t\t\t<\/div>\n\t\t","protected":false},"excerpt":{"rendered":"<p>RICHTLINIEN F\u00dcR VERTRAULICHKEIT UND GEW\u00c4HRLEISTUNG DER GDPR-KONFORMIT\u00c4T ALLGEMEINES Die Nutzung der elektronischen Seiten und Dienstleistungen, die dem Besucher \/ Benutzer von sanahealing.gr, Eigentum von \u201eSana Healing\u201c, im Folgenden als \u201edas&hellip;<\/p>\n","protected":false},"author":1,"featured_media":0,"parent":0,"menu_order":0,"comment_status":"closed","ping_status":"closed","template":"","meta":{"footnotes":""},"class_list":["post-22244","page","type-page","status-publish","hentry"],"_links":{"self":[{"href":"https:\/\/sanahealing.gr\/de\/wp-json\/wp\/v2\/pages\/22244","targetHints":{"allow":["GET"]}}],"collection":[{"href":"https:\/\/sanahealing.gr\/de\/wp-json\/wp\/v2\/pages"}],"about":[{"href":"https:\/\/sanahealing.gr\/de\/wp-json\/wp\/v2\/types\/page"}],"author":[{"embeddable":true,"href":"https:\/\/sanahealing.gr\/de\/wp-json\/wp\/v2\/users\/1"}],"replies":[{"embeddable":true,"href":"https:\/\/sanahealing.gr\/de\/wp-json\/wp\/v2\/comments?post=22244"}],"version-history":[{"count":4,"href":"https:\/\/sanahealing.gr\/de\/wp-json\/wp\/v2\/pages\/22244\/revisions"}],"predecessor-version":[{"id":22248,"href":"https:\/\/sanahealing.gr\/de\/wp-json\/wp\/v2\/pages\/22244\/revisions\/22248"}],"wp:attachment":[{"href":"https:\/\/sanahealing.gr\/de\/wp-json\/wp\/v2\/media?parent=22244"}],"curies":[{"name":"wp","href":"https:\/\/api.w.org\/{rel}","templated":true}]}}