{"id":22166,"date":"2021-04-08T11:43:39","date_gmt":"2021-04-08T08:43:39","guid":{"rendered":"https:\/\/sanahealing.gr\/energy-healing-disclaimer\/"},"modified":"2025-02-02T15:42:37","modified_gmt":"2025-02-02T13:42:37","slug":"energy-healing-disclaimer","status":"publish","type":"page","link":"https:\/\/sanahealing.gr\/de\/energy-healing-disclaimer\/","title":{"rendered":"Haftungsausschluss"},"content":{"rendered":"\t\t<div data-elementor-type=\"wp-page\" data-elementor-id=\"22166\" class=\"elementor elementor-22166 elementor-17452\">\n\t\t\t\t\t\t<section class=\"elementor-section elementor-top-section elementor-element elementor-element-5144bd8 elementor-section-boxed elementor-section-height-default elementor-section-height-default sc_fly_static\" data-id=\"5144bd8\" data-element_type=\"section\" data-settings=\"{&quot;background_background&quot;:&quot;classic&quot;}\">\n\t\t\t\t\t\t<div class=\"elementor-container elementor-column-gap-extended\">\n\t\t\t\t\t<div class=\"elementor-column elementor-col-100 elementor-top-column elementor-element elementor-element-0f84a09 sc_inner_width_none sc_content_align_inherit sc_layouts_column_icons_position_left sc_fly_static\" data-id=\"0f84a09\" data-element_type=\"column\">\n\t\t\t<div class=\"elementor-widget-wrap elementor-element-populated\">\n\t\t\t\t\t\t<div class=\"elementor-element elementor-element-168f6c9 sc_fly_static elementor-widget elementor-widget-spacer\" data-id=\"168f6c9\" data-element_type=\"widget\" data-widget_type=\"spacer.default\">\n\t\t\t\t<div class=\"elementor-widget-container\">\n\t\t\t\t\t<div class=\"elementor-spacer\">\n\t\t\t<div class=\"elementor-spacer-inner\"><\/div>\n\t\t<\/div>\n\t\t\t\t<\/div>\n\t\t\t\t<\/div>\n\t\t\t\t<section class=\"elementor-section elementor-inner-section elementor-element elementor-element-3f4aae4 elementor-section-content-middle elementor-section-boxed elementor-section-height-default elementor-section-height-default sc_fly_static\" data-id=\"3f4aae4\" data-element_type=\"section\">\n\t\t\t\t\t\t<div class=\"elementor-container elementor-column-gap-no\">\n\t\t\t\t\t<div class=\"elementor-column elementor-col-50 elementor-inner-column elementor-element elementor-element-b40217d sc_inner_width_none sc_content_align_inherit sc_layouts_column_icons_position_left sc_fly_static\" data-id=\"b40217d\" data-element_type=\"column\">\n\t\t\t<div class=\"elementor-widget-wrap elementor-element-populated\">\n\t\t\t\t\t\t<div class=\"elementor-element elementor-element-38c7c55 elementor-widget-mobile__width-initial sc_fly_static elementor-widget elementor-widget-image\" data-id=\"38c7c55\" data-element_type=\"widget\" data-widget_type=\"image.default\">\n\t\t\t\t<div class=\"elementor-widget-container\">\n\t\t\t\t\t\t\t\t\t\t\t\t\t<img fetchpriority=\"high\" decoding=\"async\" width=\"525\" height=\"585\" src=\"https:\/\/sanahealing.gr\/wp-content\/uploads\/2024\/04\/Energy-Healing-Disclaimer.jpg\" class=\"attachment-full size-full wp-image-21455\" alt=\"Energy Healing Disclaimer\" srcset=\"https:\/\/sanahealing.gr\/wp-content\/uploads\/2024\/04\/Energy-Healing-Disclaimer.jpg 525w, https:\/\/sanahealing.gr\/wp-content\/uploads\/2024\/04\/Energy-Healing-Disclaimer-269x300.jpg 269w, https:\/\/sanahealing.gr\/wp-content\/uploads\/2024\/04\/Energy-Healing-Disclaimer-370x412.jpg 370w, https:\/\/sanahealing.gr\/wp-content\/uploads\/2024\/04\/Energy-Healing-Disclaimer-410x457.jpg 410w\" sizes=\"(max-width: 600px) 100vw, 525px\" \/>\t\t\t\t\t\t\t\t\t\t\t\t\t<\/div>\n\t\t\t\t<\/div>\n\t\t\t\t\t<\/div>\n\t\t<\/div>\n\t\t\t\t<div class=\"elementor-column elementor-col-50 elementor-inner-column elementor-element elementor-element-d62be8b sc-mobile_layouts_column_align_center sc_layouts_column sc_inner_width_none sc_content_align_inherit sc_layouts_column_icons_position_left sc_fly_static\" data-id=\"d62be8b\" data-element_type=\"column\">\n\t\t\t<div class=\"elementor-widget-wrap elementor-element-populated\">\n\t\t\t\t\t\t<div class=\"elementor-element elementor-element-e214121 sc_fly_static elementor-widget elementor-widget-trx_sc_title\" data-id=\"e214121\" data-element_type=\"widget\" data-widget_type=\"trx_sc_title.default\">\n\t\t\t\t<div class=\"elementor-widget-container\">\n\t\t\t<div\t\tclass=\"sc_title sc_title_default\" ><h2 class=\"sc_item_title sc_title_title sc_item_title_style_default sc_item_title_tag\"\n\t\t\t><span class=\"sc_item_title_text\">Haftungsausschluss<\/span><\/h2><\/div>\t\t<\/div>\n\t\t\t\t<\/div>\n\t\t\t\t<div class=\"elementor-element elementor-element-4a5e34f sc_fly_static elementor-widget elementor-widget-spacer\" data-id=\"4a5e34f\" data-element_type=\"widget\" data-widget_type=\"spacer.default\">\n\t\t\t\t<div class=\"elementor-widget-container\">\n\t\t\t\t\t<div class=\"elementor-spacer\">\n\t\t\t<div class=\"elementor-spacer-inner\"><\/div>\n\t\t<\/div>\n\t\t\t\t<\/div>\n\t\t\t\t<\/div>\n\t\t\t\t<div class=\"elementor-element elementor-element-bc3bdc2 sc_fly_static elementor-widget elementor-widget-text-editor\" data-id=\"bc3bdc2\" data-element_type=\"widget\" data-widget_type=\"text-editor.default\">\n\t\t\t\t<div class=\"elementor-widget-container\">\n\t\t\t\t\t\t\t<p>Bitte beachten Sie, dass Energieheilung kein Ersatz f\u00fcr medizinische Diagnosen und Behandlungen und kein Ersatz f\u00fcr psychiatrische oder psychotherapeutische Untersuchungen oder Behandlungen ist. Bitte konsultieren Sie immer Ihren Arzt, wenn Sie gesundheitliche Probleme oder Beschwerden haben. Befolgen Sie immer die Anweisungen Ihres Arztes. Setzen Sie niemals Medikamente ab oder \u00e4ndern Sie nie die Dosierung ohne R\u00fccksprache mit Ihrem Arzt.<\/p>\t\t\t\t\t\t<\/div>\n\t\t\t\t<\/div>\n\t\t\t\t<div class=\"elementor-element elementor-element-aa16a0b sc_fly_static elementor-widget elementor-widget-spacer\" data-id=\"aa16a0b\" data-element_type=\"widget\" data-widget_type=\"spacer.default\">\n\t\t\t\t<div class=\"elementor-widget-container\">\n\t\t\t\t\t<div class=\"elementor-spacer\">\n\t\t\t<div class=\"elementor-spacer-inner\"><\/div>\n\t\t<\/div>\n\t\t\t\t<\/div>\n\t\t\t\t<\/div>\n\t\t\t\t<div class=\"elementor-element elementor-element-179f73c sc_fly_static elementor-widget elementor-widget-text-editor\" data-id=\"179f73c\" data-element_type=\"widget\" data-widget_type=\"text-editor.default\">\n\t\t\t\t<div class=\"elementor-widget-container\">\n\t\t\t\t\t\t\t<p>Meine Leistungen sind kein Heilungsversprechen f\u00fcr die Genesung von einer aktuellen Krankheit, sondern dienen der Erg\u00e4nzung konventioneller Behandlungsmethoden. Ich kann weder Krankheiten diagnostizieren, noch kann ich eine Haftung oder Garantie f\u00fcr den Erfolg \u00fcbernehmen, den Sie mit den Energieheilungssitzungen suchen. Energieheilung f\u00f6rdert Harmonie und inneres Gleichgewicht, indem sie Stress abbaut und die nat\u00fcrliche Heilungsf\u00e4higkeit des K\u00f6rpers unterst\u00fctzt. Welcher Teil des K\u00f6rpers, des Geistes oder der Seele durch die energetischen Ver\u00e4nderungen zuerst aktiviert wird, l\u00e4sst sich nicht vorhersagen.<\/p>\t\t\t\t\t\t<\/div>\n\t\t\t\t<\/div>\n\t\t\t\t<div class=\"elementor-element elementor-element-1bfb1b8 sc_fly_static elementor-widget elementor-widget-spacer\" data-id=\"1bfb1b8\" data-element_type=\"widget\" data-widget_type=\"spacer.default\">\n\t\t\t\t<div class=\"elementor-widget-container\">\n\t\t\t\t\t<div class=\"elementor-spacer\">\n\t\t\t<div class=\"elementor-spacer-inner\"><\/div>\n\t\t<\/div>\n\t\t\t\t<\/div>\n\t\t\t\t<\/div>\n\t\t\t\t<div class=\"elementor-element elementor-element-8c4193a sc_fly_static elementor-widget elementor-widget-text-editor\" data-id=\"8c4193a\" data-element_type=\"widget\" data-widget_type=\"text-editor.default\">\n\t\t\t\t<div class=\"elementor-widget-container\">\n\t\t\t\t\t\t\t<p>Der Klient handelt und entscheidet in eigener Verantwortung.<\/p>\t\t\t\t\t\t<\/div>\n\t\t\t\t<\/div>\n\t\t\t\t\t<\/div>\n\t\t<\/div>\n\t\t\t\t\t<\/div>\n\t\t<\/section>\n\t\t\t\t\t<\/div>\n\t\t<\/div>\n\t\t\t\t\t<\/div>\n\t\t<\/section>\n\t\t\t\t<section class=\"elementor-section elementor-top-section elementor-element elementor-element-0c6a318 elementor-section-boxed elementor-section-height-default elementor-section-height-default sc_fly_static\" data-id=\"0c6a318\" data-element_type=\"section\" data-settings=\"{&quot;background_background&quot;:&quot;classic&quot;}\">\n\t\t\t\t\t\t<div class=\"elementor-container elementor-column-gap-extended\">\n\t\t\t\t\t<div class=\"elementor-column elementor-col-100 elementor-top-column elementor-element elementor-element-4b6b533 sc_inner_width_none sc_content_align_inherit sc_layouts_column_icons_position_left sc_fly_static\" data-id=\"4b6b533\" data-element_type=\"column\">\n\t\t\t<div class=\"elementor-widget-wrap elementor-element-populated\">\n\t\t\t\t\t\t<div class=\"elementor-element elementor-element-11e83c3 sc_fly_static elementor-widget elementor-widget-spacer\" data-id=\"11e83c3\" data-element_type=\"widget\" data-widget_type=\"spacer.default\">\n\t\t\t\t<div class=\"elementor-widget-container\">\n\t\t\t\t\t<div class=\"elementor-spacer\">\n\t\t\t<div class=\"elementor-spacer-inner\"><\/div>\n\t\t<\/div>\n\t\t\t\t<\/div>\n\t\t\t\t<\/div>\n\t\t\t\t\t<\/div>\n\t\t<\/div>\n\t\t\t\t\t<\/div>\n\t\t<\/section>\n\t\t\t\t<section class=\"elementor-section elementor-top-section elementor-element elementor-element-40938cce elementor-section-stretched elementor-section-content-middle scheme_dark elementor-section-boxed elementor-section-height-default elementor-section-height-default sc_fly_static\" data-id=\"40938cce\" data-element_type=\"section\" data-settings=\"{&quot;stretch_section&quot;:&quot;section-stretched&quot;,&quot;background_background&quot;:&quot;classic&quot;}\">\n\t\t\t\t\t\t<div class=\"elementor-container elementor-column-gap-extended\">\n\t\t\t\t\t<div class=\"elementor-column elementor-col-50 elementor-top-column elementor-element elementor-element-52535822 sc-mobile_layouts_column_align_center sc_layouts_column sc_inner_width_none sc_content_align_inherit sc_layouts_column_icons_position_left sc_fly_static\" data-id=\"52535822\" data-element_type=\"column\">\n\t\t\t<div class=\"elementor-widget-wrap elementor-element-populated\">\n\t\t\t\t\t\t<div class=\"elementor-element elementor-element-5017449a sc_fly_static elementor-widget elementor-widget-spacer\" data-id=\"5017449a\" data-element_type=\"widget\" data-widget_type=\"spacer.default\">\n\t\t\t\t<div class=\"elementor-widget-container\">\n\t\t\t\t\t<div class=\"elementor-spacer\">\n\t\t\t<div class=\"elementor-spacer-inner\"><\/div>\n\t\t<\/div>\n\t\t\t\t<\/div>\n\t\t\t\t<\/div>\n\t\t\t\t<div class=\"elementor-element elementor-element-3866a8f4 sc_fly_static elementor-widget elementor-widget-trx_sc_title\" data-id=\"3866a8f4\" data-element_type=\"widget\" data-widget_type=\"trx_sc_title.default\">\n\t\t\t\t<div class=\"elementor-widget-container\">\n\t\t\t<div\t\tclass=\"sc_title sc_title_default\" ><h2 class=\"sc_item_title sc_title_title sc_item_title_style_default sc_item_title_tag trx_addons_inline_1017268020\"\n\t\t\t><span class=\"sc_item_title_text\">Kontaktieren Sie mich<\/span><\/h2><\/div>\t\t<\/div>\n\t\t\t\t<\/div>\n\t\t\t\t<div class=\"elementor-element elementor-element-77a711a1 sc_fly_static elementor-widget elementor-widget-text-editor\" data-id=\"77a711a1\" data-element_type=\"widget\" data-widget_type=\"text-editor.default\">\n\t\t\t\t<div class=\"elementor-widget-container\">\n\t\t\t\t\t\t\tRufen Sie mich an unter\u00a0<a href=\"tel:00306948306 756 \"> +30 6948 306 756 <\/a>oder Senden Sie mir eine Nachricht und ich werden dann mit Ihnen Kontakt aufnehmen\t\t\t\t\t\t<\/div>\n\t\t\t\t<\/div>\n\t\t\t\t<div class=\"elementor-element elementor-element-175f5846 sc_fly_static elementor-widget elementor-widget-spacer\" data-id=\"175f5846\" data-element_type=\"widget\" data-widget_type=\"spacer.default\">\n\t\t\t\t<div class=\"elementor-widget-container\">\n\t\t\t\t\t<div class=\"elementor-spacer\">\n\t\t\t<div class=\"elementor-spacer-inner\"><\/div>\n\t\t<\/div>\n\t\t\t\t<\/div>\n\t\t\t\t<\/div>\n\t\t\t\t\t<\/div>\n\t\t<\/div>\n\t\t\t\t<div class=\"elementor-column elementor-col-50 elementor-top-column elementor-element elementor-element-47c7745b sc_layouts_column_align_right sc_layouts_column sc-mobile_layouts_column_align_center sc_layouts_column sc_inner_width_none sc_content_align_inherit sc_layouts_column_icons_position_left sc_fly_static\" data-id=\"47c7745b\" data-element_type=\"column\">\n\t\t\t<div class=\"elementor-widget-wrap elementor-element-populated\">\n\t\t\t\t\t\t<div class=\"elementor-element elementor-element-48f25892 elementor-widget__width-auto sc_fly_static elementor-widget elementor-widget-trx_sc_button\" data-id=\"48f25892\" data-element_type=\"widget\" data-widget_type=\"trx_sc_button.default\">\n\t\t\t\t<div class=\"elementor-widget-container\">\n\t\t\t<div\tclass=\"sc_item_button sc_button_wrap\" ><a href=\"https:\/\/sanahealing.gr\/de\/remote-healing-services-contact\/\" class=\"sc_button sc_button_hover sc_button_size_normal sc_button_icon_left\" ><span class=\"sc_button_text\"><span class=\"sc_button_title\">Nachricht senden<\/span><\/span><\/a><\/div>\t\t<\/div>\n\t\t\t\t<\/div>\n\t\t\t\t<div class=\"elementor-element elementor-element-228bd44a sc_layouts_hide_on_wide sc_layouts_hide_on_desktop sc_layouts_hide_on_notebook sc_layouts_hide_on_tablet sc_fly_static elementor-widget elementor-widget-spacer\" data-id=\"228bd44a\" data-element_type=\"widget\" data-widget_type=\"spacer.default\">\n\t\t\t\t<div class=\"elementor-widget-container\">\n\t\t\t\t\t<div class=\"elementor-spacer\">\n\t\t\t<div class=\"elementor-spacer-inner\"><\/div>\n\t\t<\/div>\n\t\t\t\t<\/div>\n\t\t\t\t<\/div>\n\t\t\t\t\t<\/div>\n\t\t<\/div>\n\t\t\t\t\t<\/div>\n\t\t<\/section>\n\t\t\t\t<\/div>\n\t\t","protected":false},"excerpt":{"rendered":"<p>Haftungsausschluss Bitte beachten Sie, dass Energieheilung kein Ersatz f\u00fcr medizinische Diagnosen und Behandlungen und kein Ersatz f\u00fcr psychiatrische oder psychotherapeutische Untersuchungen oder Behandlungen ist. Bitte konsultieren Sie immer Ihren Arzt,&hellip;<\/p>\n","protected":false},"author":1,"featured_media":0,"parent":0,"menu_order":0,"comment_status":"closed","ping_status":"closed","template":"","meta":{"footnotes":""},"class_list":["post-22166","page","type-page","status-publish","hentry"],"_links":{"self":[{"href":"https:\/\/sanahealing.gr\/de\/wp-json\/wp\/v2\/pages\/22166","targetHints":{"allow":["GET"]}}],"collection":[{"href":"https:\/\/sanahealing.gr\/de\/wp-json\/wp\/v2\/pages"}],"about":[{"href":"https:\/\/sanahealing.gr\/de\/wp-json\/wp\/v2\/types\/page"}],"author":[{"embeddable":true,"href":"https:\/\/sanahealing.gr\/de\/wp-json\/wp\/v2\/users\/1"}],"replies":[{"embeddable":true,"href":"https:\/\/sanahealing.gr\/de\/wp-json\/wp\/v2\/comments?post=22166"}],"version-history":[{"count":4,"href":"https:\/\/sanahealing.gr\/de\/wp-json\/wp\/v2\/pages\/22166\/revisions"}],"predecessor-version":[{"id":22171,"href":"https:\/\/sanahealing.gr\/de\/wp-json\/wp\/v2\/pages\/22166\/revisions\/22171"}],"wp:attachment":[{"href":"https:\/\/sanahealing.gr\/de\/wp-json\/wp\/v2\/media?parent=22166"}],"curies":[{"name":"wp","href":"https:\/\/api.w.org\/{rel}","templated":true}]}}